{"id":1640,"date":"2022-06-26T00:51:35","date_gmt":"2022-06-26T06:51:35","guid":{"rendered":"https:\/\/serenityspacr.com\/spa-en-villa-caletas\/"},"modified":"2025-01-13T10:51:46","modified_gmt":"2025-01-13T16:51:46","slug":"spa-en-villa-caletas","status":"publish","type":"page","link":"https:\/\/serenityspacr.com\/es\/spa-en-villa-caletas\/","title":{"rendered":"Spa en villa caletas"},"content":{"rendered":"\t\t<div data-elementor-type=\"wp-page\" data-elementor-id=\"1640\" class=\"elementor elementor-1640 elementor-41\" data-elementor-post-type=\"page\">\n\t\t\t\t<div class=\"elementor-element elementor-element-263e9cc e-con-full e-flex e-con e-parent\" data-id=\"263e9cc\" data-element_type=\"container\" data-settings=\"{&quot;background_background&quot;:&quot;classic&quot;,&quot;jet_parallax_layout_list&quot;:[]}\">\n\t\t<div class=\"elementor-element elementor-element-19cb303 e-con-full e-flex e-con e-child\" data-id=\"19cb303\" data-element_type=\"container\" data-settings=\"{&quot;jet_parallax_layout_list&quot;:[]}\">\n\t\t\t\t<div class=\"elementor-element elementor-element-543d6ad elementor-widget elementor-widget-heading\" data-id=\"543d6ad\" data-element_type=\"widget\" data-widget_type=\"heading.default\">\n\t\t\t\t\t<h2 class=\"elementor-heading-title elementor-size-default\">Lugar ideal para Fiestas en el Spa<\/h2>\t\t\t\t<\/div>\n\t\t\t\t<\/div>\n\t\t\t\t<\/div>\n\t\t<div class=\"elementor-element elementor-element-deb9af2 e-flex e-con-boxed e-con e-parent\" data-id=\"deb9af2\" data-element_type=\"container\" data-settings=\"{&quot;jet_parallax_layout_list&quot;:[]}\">\n\t\t\t\t\t<div class=\"e-con-inner\">\n\t\t<div class=\"elementor-element elementor-element-dda91ea e-con-full e-flex e-con e-child\" data-id=\"dda91ea\" data-element_type=\"container\" data-settings=\"{&quot;background_background&quot;:&quot;classic&quot;,&quot;jet_parallax_layout_list&quot;:[]}\">\n\t\t\t\t<div class=\"elementor-element elementor-element-884c931 elementor-widget-mobile__width-inherit elementor-widget elementor-widget-video\" data-id=\"884c931\" data-element_type=\"widget\" data-settings=\"{&quot;youtube_url&quot;:&quot;https:\\\/\\\/www.youtube.com\\\/watch?v=60cRwgXte2Q&quot;,&quot;autoplay&quot;:&quot;yes&quot;,&quot;mute&quot;:&quot;yes&quot;,&quot;loop&quot;:&quot;yes&quot;,&quot;lazy_load&quot;:&quot;yes&quot;,&quot;video_type&quot;:&quot;youtube&quot;}\" data-widget_type=\"video.default\">\n\t\t\t\t\t\t\t<div class=\"elementor-wrapper elementor-open-inline\">\n\t\t\t<div class=\"elementor-video\"><\/div>\t\t<\/div>\n\t\t\t\t\t\t<\/div>\n\t\t\t\t<\/div>\n\t\t<div class=\"elementor-element elementor-element-5118520 e-con-full e-flex e-con e-child\" data-id=\"5118520\" data-element_type=\"container\" data-settings=\"{&quot;background_background&quot;:&quot;classic&quot;,&quot;jet_parallax_layout_list&quot;:[]}\">\n\t\t\t\t<div class=\"elementor-element elementor-element-2344d9f elementor-widget elementor-widget-text-editor\" data-id=\"2344d9f\" data-element_type=\"widget\" data-widget_type=\"text-editor.default\">\n\t\t\t\t\t\t\t\t\t<p><strong>Villa Caletas es un lujoso hotel boutique en Costa Rica, a 1150 pies sobre la vibrante costa del Pac\u00edfico Central y la selva tropical.<\/strong> El hotel es valorado no solo por su ubicaci\u00f3n en la exuberante jungla tropical, sino tambi\u00e9n por su dise\u00f1o, decoraci\u00f3n, restaurante y playa privada.<\/p>\n<\/p>\n<p><strong>Prep\u00e1rate para regenerar tu esp\u00edritu.<\/strong> Dedica un tiempo para relajarte y disfrutar de estos tratamientos de spa en nuestro Serenity Spa; perm\u00edtete disfrutar de la tranquilidad de este exclusivo refugio que se siente como estar cerca del cielo.<\/p>\n\t\t\t\t\t\t\t\t<\/div>\n\t\t\t\t<\/div>\n\t\t\t\t\t<\/div>\n\t\t\t\t<\/div>\n\t\t<div class=\"elementor-element elementor-element-7089de0 e-flex e-con-boxed e-con e-parent\" data-id=\"7089de0\" data-element_type=\"container\" data-settings=\"{&quot;background_background&quot;:&quot;gradient&quot;,&quot;jet_parallax_layout_list&quot;:[]}\">\n\t\t\t\t\t<div class=\"e-con-inner\">\n\t\t<div class=\"elementor-element elementor-element-94254f8 e-con-full e-flex e-con e-child\" data-id=\"94254f8\" data-element_type=\"container\" data-settings=\"{&quot;background_background&quot;:&quot;classic&quot;,&quot;jet_parallax_layout_list&quot;:[]}\">\n\t\t\t\t<div class=\"elementor-element elementor-element-6d8d391 elementor-widget elementor-widget-heading\" data-id=\"6d8d391\" data-element_type=\"widget\" data-widget_type=\"heading.default\">\n\t\t\t\t\t<h2 class=\"elementor-heading-title elementor-size-default\">Sobre nosotros<\/h2>\t\t\t\t<\/div>\n\t\t\t\t<div class=\"elementor-element elementor-element-a883c2a elementor-widget elementor-widget-text-editor\" data-id=\"a883c2a\" data-element_type=\"widget\" data-widget_type=\"text-editor.default\">\n\t\t\t\t\t\t\t\t\t<p class=\"font_8\">Con m\u00e1s de 30 a\u00f1os de experiencia en spas y 25 a\u00f1os de servicio profesional y de confianza en Costa Rica, <strong>Serenity Spa<\/strong> ofrece tratamientos de spa excepcionales e inolvidables.<\/p>\n<\/p>\n<p class=\"font_8\">La originalidad y las tendencias de los tratamientos del <strong>Serenity Spa<\/strong> se deben principalmente a su fundadora y propietaria, <strong>Pamela Harlow<\/strong>. Su carrera comenz\u00f3 en 1981 y ha sido educadora y capacitadora en las Convenciones Internacionales de Spa y Est\u00e9tica en Estados Unidos durante m\u00e1s de 15 a\u00f1os. Pamela se dedica a mantener las t\u00e9cnicas, tratamientos y educaci\u00f3n m\u00e1s actuales en este campo.<\/p>\n\t\t\t\t\t\t\t\t<\/div>\n\t\t\t\t<\/div>\n\t\t<div class=\"elementor-element elementor-element-c36d740 e-con-full e-flex e-con e-child\" data-id=\"c36d740\" data-element_type=\"container\" data-settings=\"{&quot;jet_parallax_layout_list&quot;:[]}\">\n\t\t\t\t<div class=\"elementor-element elementor-element-4e7d524 elementor-widget elementor-widget-image\" data-id=\"4e7d524\" data-element_type=\"widget\" data-widget_type=\"image.default\">\n\t\t\t\t\t\t\t\t\t\t\t\t\t\t\t<img fetchpriority=\"high\" decoding=\"async\" width=\"600\" height=\"400\" src=\"https:\/\/serenityspacr.com\/wp-content\/uploads\/2022\/08\/serenity-spa-costa-rica5.jpg\" class=\"attachment-large size-large wp-image-1592\" alt=\"\" srcset=\"https:\/\/serenityspacr.com\/wp-content\/uploads\/2022\/08\/serenity-spa-costa-rica5.jpg 600w, https:\/\/serenityspacr.com\/wp-content\/uploads\/2022\/08\/serenity-spa-costa-rica5-300x200.jpg 300w\" sizes=\"(max-width: 600px) 100vw, 600px\" \/>\t\t\t\t\t\t\t\t\t\t\t\t\t\t\t<\/div>\n\t\t\t\t<\/div>\n\t\t\t\t\t<\/div>\n\t\t\t\t<\/div>\n\t\t<div class=\"elementor-element elementor-element-57a481b e-flex e-con-boxed e-con e-parent\" data-id=\"57a481b\" data-element_type=\"container\" data-settings=\"{&quot;background_background&quot;:&quot;classic&quot;,&quot;jet_parallax_layout_list&quot;:[]}\">\n\t\t\t\t\t<div class=\"e-con-inner\">\n\t\t<div class=\"elementor-element elementor-element-4db6bea e-con-full e-flex e-con e-child\" data-id=\"4db6bea\" data-element_type=\"container\" data-settings=\"{&quot;jet_parallax_layout_list&quot;:[]}\">\n\t\t\t\t<div class=\"elementor-element elementor-element-6853e4e elementor-widget elementor-widget-image\" data-id=\"6853e4e\" data-element_type=\"widget\" data-widget_type=\"image.default\">\n\t\t\t\t\t\t\t\t\t\t\t\t\t\t\t<img decoding=\"async\" width=\"736\" height=\"446\" src=\"https:\/\/serenityspacr.com\/wp-content\/uploads\/2022\/07\/9c50e4a0da1b4edee1d8d2a011ad7bca.jpg\" class=\"attachment-full size-full wp-image-1559\" alt=\"\" srcset=\"https:\/\/serenityspacr.com\/wp-content\/uploads\/2022\/07\/9c50e4a0da1b4edee1d8d2a011ad7bca.jpg 736w, https:\/\/serenityspacr.com\/wp-content\/uploads\/2022\/07\/9c50e4a0da1b4edee1d8d2a011ad7bca-300x182.jpg 300w\" sizes=\"(max-width: 736px) 100vw, 736px\" \/>\t\t\t\t\t\t\t\t\t\t\t\t\t\t\t<\/div>\n\t\t\t\t<\/div>\n\t\t<div class=\"elementor-element elementor-element-02082a4 e-con-full e-flex e-con e-child\" data-id=\"02082a4\" data-element_type=\"container\" data-settings=\"{&quot;background_background&quot;:&quot;classic&quot;,&quot;jet_parallax_layout_list&quot;:[]}\">\n\t\t\t\t<div class=\"elementor-element elementor-element-cd5aab4 elementor-widget elementor-widget-text-editor\" data-id=\"cd5aab4\" data-element_type=\"widget\" data-widget_type=\"text-editor.default\">\n\t\t\t\t\t\t\t\t\t<p class=\"font_8\"><strong>Serenity Spa<\/strong> es uno de los spas fundadores de Costa Rica. Hemos tenido el privilegio de ser responsables de la apertura del Balneario Marriott de Los Sue\u00f1os en 1999, del Hotel Si Como No, del Costa Rica Marriott, del Paradisus Playa Conchal, del Hotel Flamingo Beach Resort, por nombrar algunos, y seguimos sirviendo con orgullo al Hotel Villa Caletas. <\/p>\n<\/p>\n<p class=\"font_8\">Nuestro experimentado personal, nuestras exclusivas ubicaciones y nuestras excepcionales instalaciones garantizan que el tiempo que pases con nosotros se ver\u00e1 recompensado con tratamientos de calidad y orientados a obtener resultados.<\/p>\n<\/p>\n<p><strong>Sea cual sea tu necesidad de spa, tenemos el tratamiento para ti.<\/strong><\/p>\n\t\t\t\t\t\t\t\t<\/div>\n\t\t\t\t<\/div>\n\t\t\t\t\t<\/div>\n\t\t\t\t<\/div>\n\t\t<div class=\"elementor-element elementor-element-0dd1dbe e-flex e-con-boxed e-con e-parent\" data-id=\"0dd1dbe\" data-element_type=\"container\" data-settings=\"{&quot;jet_parallax_layout_list&quot;:[]}\">\n\t\t\t\t\t<div class=\"e-con-inner\">\n\t\t\t\t<div class=\"elementor-element elementor-element-97588f7 elementor-widget elementor-widget-heading\" data-id=\"97588f7\" data-element_type=\"widget\" data-widget_type=\"heading.default\">\n\t\t\t\t\t<h2 class=\"elementor-heading-title elementor-size-default\">Preguntas frecuentes<\/h2>\t\t\t\t<\/div>\n\t\t\t\t<div class=\"elementor-element elementor-element-6b24ffb elementor-widget elementor-widget-accordion\" data-id=\"6b24ffb\" data-element_type=\"widget\" data-widget_type=\"accordion.default\">\n\t\t\t\t\t\t\t<div class=\"elementor-accordion\">\n\t\t\t\t\t\t\t<div class=\"elementor-accordion-item\">\n\t\t\t\t\t<div id=\"elementor-tab-title-1121\" class=\"elementor-tab-title\" data-tab=\"1\" role=\"button\" aria-controls=\"elementor-tab-content-1121\" aria-expanded=\"false\">\n\t\t\t\t\t\t\t\t\t\t\t\t\t<span class=\"elementor-accordion-icon elementor-accordion-icon-right\" aria-hidden=\"true\">\n\t\t\t\t\t\t\t\t\t\t\t\t\t\t\t<span class=\"elementor-accordion-icon-closed\"><i class=\"fas fa-chevron-down\"><\/i><\/span>\n\t\t\t\t\t\t\t\t<span class=\"elementor-accordion-icon-opened\"><i class=\"fas fa-chevron-up\"><\/i><\/span>\n\t\t\t\t\t\t\t\t\t\t\t\t\t\t<\/span>\n\t\t\t\t\t\t\t\t\t\t\t\t<a class=\"elementor-accordion-title\" tabindex=\"0\">Reservas<\/a>\n\t\t\t\t\t<\/div>\n\t\t\t\t\t<div id=\"elementor-tab-content-1121\" class=\"elementor-tab-content elementor-clearfix\" data-tab=\"1\" role=\"region\" aria-labelledby=\"elementor-tab-title-1121\"><p>Al llegar a Serenity Spa, nuestro personal del spa realizar\u00e1 una breve consulta para asegurarse de que recibes el tratamiento m\u00e1s adecuado a tus necesidades. Informa a la recepcionista si est\u00e1s embarazada o tienes alg\u00fan problema de salud espec\u00edfico. Se recomienda reservar con antelaci\u00f3n. Algunos tratamientos necesitan hasta 48 horas de antelaci\u00f3n.   <\/p>\n<\/div>\n\t\t\t\t<\/div>\n\t\t\t\t\t\t\t<div class=\"elementor-accordion-item\">\n\t\t\t\t\t<div id=\"elementor-tab-title-1122\" class=\"elementor-tab-title\" data-tab=\"2\" role=\"button\" aria-controls=\"elementor-tab-content-1122\" aria-expanded=\"false\">\n\t\t\t\t\t\t\t\t\t\t\t\t\t<span class=\"elementor-accordion-icon elementor-accordion-icon-right\" aria-hidden=\"true\">\n\t\t\t\t\t\t\t\t\t\t\t\t\t\t\t<span class=\"elementor-accordion-icon-closed\"><i class=\"fas fa-chevron-down\"><\/i><\/span>\n\t\t\t\t\t\t\t\t<span class=\"elementor-accordion-icon-opened\"><i class=\"fas fa-chevron-up\"><\/i><\/span>\n\t\t\t\t\t\t\t\t\t\t\t\t\t\t<\/span>\n\t\t\t\t\t\t\t\t\t\t\t\t<a class=\"elementor-accordion-title\" tabindex=\"0\">Pol\u00edtica de cancelaci\u00f3n<\/a>\n\t\t\t\t\t<\/div>\n\t\t\t\t\t<div id=\"elementor-tab-content-1122\" class=\"elementor-tab-content elementor-clearfix\" data-tab=\"2\" role=\"region\" aria-labelledby=\"elementor-tab-title-1122\"><p>En consideraci\u00f3n a los dem\u00e1s clientes del spa, te recomendamos que reserves tu tratamiento de spa con antelaci\u00f3n. Si no puedes acudir a tu cita en el spa o deseas cambiarla, av\u00edsanos con 48 horas de antelaci\u00f3n para evitar los gastos de cancelaci\u00f3n. <\/p>\n<\/div>\n\t\t\t\t<\/div>\n\t\t\t\t\t\t\t<div class=\"elementor-accordion-item\">\n\t\t\t\t\t<div id=\"elementor-tab-title-1123\" class=\"elementor-tab-title\" data-tab=\"3\" role=\"button\" aria-controls=\"elementor-tab-content-1123\" aria-expanded=\"false\">\n\t\t\t\t\t\t\t\t\t\t\t\t\t<span class=\"elementor-accordion-icon elementor-accordion-icon-right\" aria-hidden=\"true\">\n\t\t\t\t\t\t\t\t\t\t\t\t\t\t\t<span class=\"elementor-accordion-icon-closed\"><i class=\"fas fa-chevron-down\"><\/i><\/span>\n\t\t\t\t\t\t\t\t<span class=\"elementor-accordion-icon-opened\"><i class=\"fas fa-chevron-up\"><\/i><\/span>\n\t\t\t\t\t\t\t\t\t\t\t\t\t\t<\/span>\n\t\t\t\t\t\t\t\t\t\t\t\t<a class=\"elementor-accordion-title\" tabindex=\"0\">Hora de llegada<\/a>\n\t\t\t\t\t<\/div>\n\t\t\t\t\t<div id=\"elementor-tab-content-1123\" class=\"elementor-tab-content elementor-clearfix\" data-tab=\"3\" role=\"region\" aria-labelledby=\"elementor-tab-title-1123\"><p>Por favor, llega 10 minutos antes de tu cita para cambiarte y\/o relajarte. Hay jacuzzi a tu disposici\u00f3n para que disfrutes antes o despu\u00e9s del tratamiento. Si lo solicitas, te proporcionaremos bata, sandalias y bragas desechables. En caso de que llegues tarde, intentaremos completar tu tratamiento, pero para no retrasar al siguiente cliente, tu tratamiento puede terminar a la hora designada, independientemente de cu\u00e1ndo hayas empezado.   <\/p>\n<\/div>\n\t\t\t\t<\/div>\n\t\t\t\t\t\t\t<div class=\"elementor-accordion-item\">\n\t\t\t\t\t<div id=\"elementor-tab-title-1124\" class=\"elementor-tab-title\" data-tab=\"4\" role=\"button\" aria-controls=\"elementor-tab-content-1124\" aria-expanded=\"false\">\n\t\t\t\t\t\t\t\t\t\t\t\t\t<span class=\"elementor-accordion-icon elementor-accordion-icon-right\" aria-hidden=\"true\">\n\t\t\t\t\t\t\t\t\t\t\t\t\t\t\t<span class=\"elementor-accordion-icon-closed\"><i class=\"fas fa-chevron-down\"><\/i><\/span>\n\t\t\t\t\t\t\t\t<span class=\"elementor-accordion-icon-opened\"><i class=\"fas fa-chevron-up\"><\/i><\/span>\n\t\t\t\t\t\t\t\t\t\t\t\t\t\t<\/span>\n\t\t\t\t\t\t\t\t\t\t\t\t<a class=\"elementor-accordion-title\" tabindex=\"0\">Privacidad<\/a>\n\t\t\t\t\t<\/div>\n\t\t\t\t\t<div id=\"elementor-tab-content-1124\" class=\"elementor-tab-content elementor-clearfix\" data-tab=\"4\" role=\"region\" aria-labelledby=\"elementor-tab-title-1124\"><p>Tu intimidad estar\u00e1 protegida en todo momento. Tu terapeuta saldr\u00e1 de la habitaci\u00f3n para que puedas cambiarte en privado y estar\u00e1s tapada en todo momento. Tenemos terapeutas masculinos y femeninos, totalmente profesionales y muy bien formados. Por favor, av\u00edsanos si tienes alguna preferencia, ya que los tratamientos se reservan en funci\u00f3n de la disponibilidad y no del sexo.   <\/p>\n<\/div>\n\t\t\t\t<\/div>\n\t\t\t\t\t\t\t<div class=\"elementor-accordion-item\">\n\t\t\t\t\t<div id=\"elementor-tab-title-1125\" class=\"elementor-tab-title\" data-tab=\"5\" role=\"button\" aria-controls=\"elementor-tab-content-1125\" aria-expanded=\"false\">\n\t\t\t\t\t\t\t\t\t\t\t\t\t<span class=\"elementor-accordion-icon elementor-accordion-icon-right\" aria-hidden=\"true\">\n\t\t\t\t\t\t\t\t\t\t\t\t\t\t\t<span class=\"elementor-accordion-icon-closed\"><i class=\"fas fa-chevron-down\"><\/i><\/span>\n\t\t\t\t\t\t\t\t<span class=\"elementor-accordion-icon-opened\"><i class=\"fas fa-chevron-up\"><\/i><\/span>\n\t\t\t\t\t\t\t\t\t\t\t\t\t\t<\/span>\n\t\t\t\t\t\t\t\t\t\t\t\t<a class=\"elementor-accordion-title\" tabindex=\"0\">Propinas<\/a>\n\t\t\t\t\t<\/div>\n\t\t\t\t\t<div id=\"elementor-tab-content-1125\" class=\"elementor-tab-content elementor-clearfix\" data-tab=\"5\" role=\"region\" aria-labelledby=\"elementor-tab-title-1125\"><p>En Serenity Spa, creemos que las propinas deben dejarse a discreci\u00f3n de nuestros clientes. Por lo tanto, NO incluimos propinas. Sin embargo, nuestros terapeutas agradecer\u00edan mucho una propina de 15%-20%.  <\/p>\n<\/div>\n\t\t\t\t<\/div>\n\t\t\t\t\t\t\t<div class=\"elementor-accordion-item\">\n\t\t\t\t\t<div id=\"elementor-tab-title-1126\" class=\"elementor-tab-title\" data-tab=\"6\" role=\"button\" aria-controls=\"elementor-tab-content-1126\" aria-expanded=\"false\">\n\t\t\t\t\t\t\t\t\t\t\t\t\t<span class=\"elementor-accordion-icon elementor-accordion-icon-right\" aria-hidden=\"true\">\n\t\t\t\t\t\t\t\t\t\t\t\t\t\t\t<span class=\"elementor-accordion-icon-closed\"><i class=\"fas fa-chevron-down\"><\/i><\/span>\n\t\t\t\t\t\t\t\t<span class=\"elementor-accordion-icon-opened\"><i class=\"fas fa-chevron-up\"><\/i><\/span>\n\t\t\t\t\t\t\t\t\t\t\t\t\t\t<\/span>\n\t\t\t\t\t\t\t\t\t\t\t\t<a class=\"elementor-accordion-title\" tabindex=\"0\">Etiqueta del balneario<\/a>\n\t\t\t\t\t<\/div>\n\t\t\t\t\t<div id=\"elementor-tab-content-1126\" class=\"elementor-tab-content elementor-clearfix\" data-tab=\"6\" role=\"region\" aria-labelledby=\"elementor-tab-title-1126\"><p>Por consideraci\u00f3n a todos nuestros hu\u00e9spedes, apaga todos los tel\u00e9fonos m\u00f3viles. Por favor, mant\u00e9n un tono de voz suave cuando disfrutes del jacuzzi y de las zonas de spa circundantes. <\/p>\n<\/div>\n\t\t\t\t<\/div>\n\t\t\t\t\t\t\t<div class=\"elementor-accordion-item\">\n\t\t\t\t\t<div id=\"elementor-tab-title-1127\" class=\"elementor-tab-title\" data-tab=\"7\" role=\"button\" aria-controls=\"elementor-tab-content-1127\" aria-expanded=\"false\">\n\t\t\t\t\t\t\t\t\t\t\t\t\t<span class=\"elementor-accordion-icon elementor-accordion-icon-right\" aria-hidden=\"true\">\n\t\t\t\t\t\t\t\t\t\t\t\t\t\t\t<span class=\"elementor-accordion-icon-closed\"><i class=\"fas fa-chevron-down\"><\/i><\/span>\n\t\t\t\t\t\t\t\t<span class=\"elementor-accordion-icon-opened\"><i class=\"fas fa-chevron-up\"><\/i><\/span>\n\t\t\t\t\t\t\t\t\t\t\t\t\t\t<\/span>\n\t\t\t\t\t\t\t\t\t\t\t\t<a class=\"elementor-accordion-title\" tabindex=\"0\">Posesiones personales<\/a>\n\t\t\t\t\t<\/div>\n\t\t\t\t\t<div id=\"elementor-tab-content-1127\" class=\"elementor-tab-content elementor-clearfix\" data-tab=\"7\" role=\"region\" aria-labelledby=\"elementor-tab-title-1127\"><p>Te recomendamos que dejes todas tus joyas y objetos personales en tu habitaci\u00f3n o en la caja fuerte de tu casa. Lamentamos no poder hacernos responsables de la p\u00e9rdida o deterioro de objetos personales. <\/p>\n<\/div>\n\t\t\t\t<\/div>\n\t\t\t\t\t\t\t<div class=\"elementor-accordion-item\">\n\t\t\t\t\t<div id=\"elementor-tab-title-1128\" class=\"elementor-tab-title\" data-tab=\"8\" role=\"button\" aria-controls=\"elementor-tab-content-1128\" aria-expanded=\"false\">\n\t\t\t\t\t\t\t\t\t\t\t\t\t<span class=\"elementor-accordion-icon elementor-accordion-icon-right\" aria-hidden=\"true\">\n\t\t\t\t\t\t\t\t\t\t\t\t\t\t\t<span class=\"elementor-accordion-icon-closed\"><i class=\"fas fa-chevron-down\"><\/i><\/span>\n\t\t\t\t\t\t\t\t<span class=\"elementor-accordion-icon-opened\"><i class=\"fas fa-chevron-up\"><\/i><\/span>\n\t\t\t\t\t\t\t\t\t\t\t\t\t\t<\/span>\n\t\t\t\t\t\t\t\t\t\t\t\t<a class=\"elementor-accordion-title\" tabindex=\"0\">Para tu comodidad<\/a>\n\t\t\t\t\t<\/div>\n\t\t\t\t\t<div id=\"elementor-tab-content-1128\" class=\"elementor-tab-content elementor-clearfix\" data-tab=\"8\" role=\"region\" aria-labelledby=\"elementor-tab-title-1128\"><p>Te animamos a que comuniques a nuestros asociados del spa cualquier pregunta, duda, problema de salud y\/o necesidad especial. Aunque hacemos todo lo posible por anticiparnos a tus necesidades, te rogamos que nos comuniques si podemos mejorar tu tratamiento o tu experiencia en el spa. Como estamos en Costa Rica, donde la lengua materna es el espa\u00f1ol, no todos nuestros terapeutas hablan ingl\u00e9s. Si necesitas comunicar alg\u00fan asunto durante tu tratamiento, levanta la mano y nuestro terapeuta traer\u00e1 a un asociado del spa para que traduzca tus deseos.   <\/p>\n<\/div>\n\t\t\t\t<\/div>\n\t\t\t\t\t\t\t<div class=\"elementor-accordion-item\">\n\t\t\t\t\t<div id=\"elementor-tab-title-1129\" class=\"elementor-tab-title\" data-tab=\"9\" role=\"button\" aria-controls=\"elementor-tab-content-1129\" aria-expanded=\"false\">\n\t\t\t\t\t\t\t\t\t\t\t\t\t<span class=\"elementor-accordion-icon elementor-accordion-icon-right\" aria-hidden=\"true\">\n\t\t\t\t\t\t\t\t\t\t\t\t\t\t\t<span class=\"elementor-accordion-icon-closed\"><i class=\"fas fa-chevron-down\"><\/i><\/span>\n\t\t\t\t\t\t\t\t<span class=\"elementor-accordion-icon-opened\"><i class=\"fas fa-chevron-up\"><\/i><\/span>\n\t\t\t\t\t\t\t\t\t\t\t\t\t\t<\/span>\n\t\t\t\t\t\t\t\t\t\t\t\t<a class=\"elementor-accordion-title\" tabindex=\"0\">Certificados de regalo<\/a>\n\t\t\t\t\t<\/div>\n\t\t\t\t\t<div id=\"elementor-tab-content-1129\" class=\"elementor-tab-content elementor-clearfix\" data-tab=\"9\" role=\"region\" aria-labelledby=\"elementor-tab-title-1129\"><p>Los Certificados de regalo est\u00e1n disponibles en la recepci\u00f3n del spa o en Internet.<\/p>\n<\/div>\n\t\t\t\t<\/div>\n\t\t\t\t\t\t\t\t<\/div>\n\t\t\t\t\t\t<\/div>\n\t\t\t\t\t<\/div>\n\t\t\t\t<\/div>\n\t\t<div class=\"elementor-element elementor-element-f9a016f e-flex e-con-boxed e-con e-parent\" data-id=\"f9a016f\" data-element_type=\"container\" data-settings=\"{&quot;jet_parallax_layout_list&quot;:[]}\">\n\t\t\t\t\t<div class=\"e-con-inner\">\n\t\t<div class=\"elementor-element elementor-element-2d4c2e1 e-con-full e-flex e-con e-child\" data-id=\"2d4c2e1\" data-element_type=\"container\" data-settings=\"{&quot;background_background&quot;:&quot;classic&quot;,&quot;jet_parallax_layout_list&quot;:[]}\">\n\t\t\t\t<div class=\"elementor-element elementor-element-390c49d elementor-widget elementor-widget-text-editor\" data-id=\"390c49d\" data-element_type=\"widget\" data-widget_type=\"text-editor.default\">\n\t\t\t\t\t\t\t\t\t<p>Serenity Spa del Hotel Villa Caletas<br \/>Localizaci\u00f3n GPS: 9.612 , -84.626<\/p>\n\t\t\t\t\t\t\t\t<\/div>\n\t\t\t\t<div class=\"elementor-element elementor-element-1004d00 elementor-widget-divider--view-line elementor-widget elementor-widget-divider\" data-id=\"1004d00\" data-element_type=\"widget\" data-widget_type=\"divider.default\">\n\t\t\t\t\t\t\t<div class=\"elementor-divider\">\n\t\t\t<span class=\"elementor-divider-separator\">\n\t\t\t\t\t\t<\/span>\n\t\t<\/div>\n\t\t\t\t\t\t<\/div>\n\t\t\t\t<div class=\"elementor-element elementor-element-b68fe53 elementor-widget elementor-widget-text-editor\" data-id=\"b68fe53\" data-element_type=\"widget\" data-widget_type=\"text-editor.default\">\n\t\t\t\t\t\t\t\t\t<p><strong>Hotel Villa Caletas<\/strong>, Situado en la Regi\u00f3n del Pac\u00edfico Central de Puntarenas Costa Rica: a s\u00f3lo 1 hora y 15 minutos en coche de San Jos\u00e9 y del Aeropuerto Internacional Juan Santamar\u00eda.<\/p>\n<\/p>\n<p>Este lugar es uno de los destinos m\u00e1s populares de Costa Rica por su proximidad a San Jos\u00e9, su incre\u00edble entorno natural y la cantidad de actividades cercanas. Todo, desde Parques Nacionales, selva tropical y excursiones fluviales hasta pesca en alta mar y buceo con tubo.<\/p>\n<\/p>\n<p>El hotel est\u00e1 enclavado en una selva tropical y en la c\u00e1lida costa del Pac\u00edfico, cerca de la playa de Jaco, Costa Rica. Podr\u00e1s experimentar lo mejor del pa\u00eds: la vida salvaje, la belleza natural y su asombrosa costa.<\/p>\n<\/p>\n<p>Consulta la p\u00e1gina web del hotel: <span style=\"color: #333300;\"><a style=\"color: #333300;\" href=\"https:\/\/hotelvillacaletas.com\/\" target=\"_blank\" rel=\"noopener\">www.villacaletas.com<\/a><\/span><\/p>\n\t\t\t\t\t\t\t\t<\/div>\n\t\t\t\t<\/div>\n\t\t<div class=\"elementor-element elementor-element-edb3d89 e-con-full e-flex e-con e-child\" data-id=\"edb3d89\" data-element_type=\"container\" data-settings=\"{&quot;jet_parallax_layout_list&quot;:[]}\">\n\t\t\t\t<div class=\"elementor-element elementor-element-05ce3eb elementor-widget elementor-widget-google_maps\" data-id=\"05ce3eb\" data-element_type=\"widget\" data-widget_type=\"google_maps.default\">\n\t\t\t\t\t\t\t<div class=\"elementor-custom-embed\">\n\t\t\t<iframe loading=\"lazy\"\n\t\t\t\t\tsrc=\"https:\/\/maps.google.com\/maps?q=Villa%20Caletas%20Hotel%2C%20Costa%20Rica&#038;t=m&#038;z=14&#038;output=embed&#038;iwloc=near\"\n\t\t\t\t\ttitle=\"Villa Caletas Hotel, Costa Rica\"\n\t\t\t\t\taria-label=\"Villa Caletas Hotel, Costa Rica\"\n\t\t\t><\/iframe>\n\t\t<\/div>\n\t\t\t\t\t\t<\/div>\n\t\t\t\t<\/div>\n\t\t\t\t\t<\/div>\n\t\t\t\t<\/div>\n\t\t\t\t<\/div>\n\t\t","protected":false},"excerpt":{"rendered":"<p>Lugar ideal para Fiestas en el Spa https:\/\/www.youtube.com\/watch?v=60cRwgXte2Q Villa Caletas es un lujoso hotel boutique en Costa Rica, a 1150 pies sobre la vibrante costa del Pac\u00edfico Central y la selva tropical. El hotel es valorado no solo por su ubicaci\u00f3n en la exuberante jungla tropical, sino tambi\u00e9n por su dise\u00f1o, decoraci\u00f3n, restaurante y playa [&hellip;]<\/p>\n","protected":false},"author":2,"featured_media":0,"parent":0,"menu_order":0,"comment_status":"closed","ping_status":"closed","template":"","meta":{"footnotes":""},"class_list":["post-1640","page","type-page","status-publish","hentry"],"_links":{"self":[{"href":"https:\/\/serenityspacr.com\/es\/wp-json\/wp\/v2\/pages\/1640","targetHints":{"allow":["GET"]}}],"collection":[{"href":"https:\/\/serenityspacr.com\/es\/wp-json\/wp\/v2\/pages"}],"about":[{"href":"https:\/\/serenityspacr.com\/es\/wp-json\/wp\/v2\/types\/page"}],"author":[{"embeddable":true,"href":"https:\/\/serenityspacr.com\/es\/wp-json\/wp\/v2\/users\/2"}],"replies":[{"embeddable":true,"href":"https:\/\/serenityspacr.com\/es\/wp-json\/wp\/v2\/comments?post=1640"}],"version-history":[{"count":7,"href":"https:\/\/serenityspacr.com\/es\/wp-json\/wp\/v2\/pages\/1640\/revisions"}],"predecessor-version":[{"id":1756,"href":"https:\/\/serenityspacr.com\/es\/wp-json\/wp\/v2\/pages\/1640\/revisions\/1756"}],"wp:attachment":[{"href":"https:\/\/serenityspacr.com\/es\/wp-json\/wp\/v2\/media?parent=1640"}],"curies":[{"name":"wp","href":"https:\/\/api.w.org\/{rel}","templated":true}]}}